{"id":2736,"date":"2026-03-24T11:51:31","date_gmt":"2026-03-24T10:51:31","guid":{"rendered":"https:\/\/s-el.de\/?page_id=2736"},"modified":"2026-03-25T14:05:13","modified_gmt":"2026-03-25T13:05:13","slug":"hauswirtschaftsleitung-m-w-d","status":"publish","type":"page","link":"https:\/\/s-el.de\/?page_id=2736","title":{"rendered":"Hauswirtschaftsleitung (m\/w\/d)"},"content":{"rendered":"\t\t<div data-elementor-type=\"wp-page\" data-elementor-id=\"2736\" class=\"elementor elementor-2736\">\n\t\t\t\t<div class=\"elementor-element elementor-element-a2fd128 e-con-full e-flex e-con e-parent\" data-id=\"a2fd128\" data-element_type=\"container\" data-e-type=\"container\">\n\t\t<div class=\"elementor-element elementor-element-62682d43 e-flex e-con-boxed e-con e-child\" data-id=\"62682d43\" data-element_type=\"container\" data-e-type=\"container\" data-settings=\"{&quot;background_background&quot;:&quot;classic&quot;}\">\n\t\t\t\t\t<div class=\"e-con-inner\">\n\t\t\t\t\t<\/div>\n\t\t\t\t<\/div>\n\t\t\t\t<\/div>\n\t\t<div class=\"elementor-element elementor-element-17c6fde0 e-flex e-con-boxed e-con e-parent\" data-id=\"17c6fde0\" data-element_type=\"container\" data-e-type=\"container\">\n\t\t\t\t\t<div class=\"e-con-inner\">\n\t\t\t\t<div class=\"elementor-element elementor-element-2b6fa75e elementor-widget elementor-widget-spacer\" data-id=\"2b6fa75e\" data-element_type=\"widget\" data-e-type=\"widget\" data-widget_type=\"spacer.default\">\n\t\t\t\t<div class=\"elementor-widget-container\">\n\t\t\t\t\t\t\t<div class=\"elementor-spacer\">\n\t\t\t<div class=\"elementor-spacer-inner\"><\/div>\n\t\t<\/div>\n\t\t\t\t\t\t<\/div>\n\t\t\t\t<\/div>\n\t\t\t\t\t<\/div>\n\t\t\t\t<\/div>\n\t\t<div class=\"elementor-element elementor-element-20ffc54b e-flex e-con-boxed e-con e-parent\" data-id=\"20ffc54b\" data-element_type=\"container\" data-e-type=\"container\">\n\t\t\t\t\t<div class=\"e-con-inner\">\n\t\t\t\t<div class=\"elementor-element elementor-element-46dc1bca elementor-widget elementor-widget-heading\" data-id=\"46dc1bca\" data-element_type=\"widget\" data-e-type=\"widget\" data-widget_type=\"heading.default\">\n\t\t\t\t<div class=\"elementor-widget-container\">\n\t\t\t\t\t<h2 class=\"elementor-heading-title elementor-size-default\">Hauswirtschaftsleitung (m\/w\/d) f\u00fcr den Bereich der Hausreinigung<\/h2>\t\t\t\t<\/div>\n\t\t\t\t<\/div>\n\t\t\t\t<div class=\"elementor-element elementor-element-2fddd568 elementor-widget elementor-widget-text-editor\" data-id=\"2fddd568\" data-element_type=\"widget\" data-e-type=\"widget\" data-widget_type=\"text-editor.default\">\n\t\t\t\t<div class=\"elementor-widget-container\">\n\t\t\t\t\t\t\t\t\t<p>Einen Ort zum Wohlf\u00fchlen bieten wir als Seniorenheim ELIM in Bonn sowohl unseren Heimbewohnern, als auch unseren Mitarbeitern.<\/p><p>Wir suchen ab sofort eine Hauswirtschaftsleitung (m\/w\/d) f\u00fcr den Bereich der Hausreinigung in Teilzeit mit 19,5 Std.\/ Woche (50 %; 5,5 Tage-Woche). Sie sorgen gemeinsam mit Ihrem Team daf\u00fcr, dass sich unsere Bewohner in einer sauberen, gepflegten Umgebung wohlf\u00fchlen und koordinieren daf\u00fcr alle Abl\u00e4ufe in Reinigung, W\u00e4scheversorgung und Hygiene.<\/p><p>\u00a0<\/p><p><strong>Das bringen Sie mit:<\/strong><\/p><ul><li>Respektvoller Umgang mit pflegebed\u00fcrftigen, alten Menschen<\/li><li>Verantwortungsbewusstsein, Zuverl\u00e4ssigkeit und Teamf\u00e4higkeit<\/li><li>Flexibilit\u00e4t und Einsatzbereitschaft<\/li><li>Gute Kommunikationsf\u00e4higkeit<\/li><li>Ausgepr\u00e4gte organisatorische F\u00e4higkeiten und F\u00fchrungsqualit\u00e4ten<\/li><li>Fundierte Computerkenntnisse (Word, Excel etc.)<\/li><li>Erfahrung und Kenntnisse im Bereich der Geb\u00e4udereinigung der Altenpflege<\/li><li>Qualit\u00e4tsbewusstsein sowie wirtschaftliches Denken und Handeln<\/li><li>Abgeschlossene hauswirtschaftliche Ausbildung oder vergleichbare Ausbildung<\/li><li>Fachkenntnisse in den Bereichen Reinigung, W\u00e4scherei, Hygiene und Arbeitssicherheit<\/li><\/ul><p><strong>Das bieten wir Ihnen:<\/strong><\/p><ul><li>Unbefristetes Arbeitsverh\u00e4ltnis<\/li><li>Eine attraktive Bezahlung in Anlehnung an den TV\u00f6D\/VKA<\/li><li>Weihnachtsgeld<\/li><li>Die M\u00f6glichkeit zum Erwerb eines verg\u00fcnstigten Deutschlandtickets<\/li><li>Anspruchsvolles, vielseitiges und interessantes T\u00e4tigkeitsfeld mit hoher Eigenverantwortung, Arbeitszeit i.d.R. Montag-Freitag<\/li><li>Flexible Arbeitszeiten; Anspruchsvolles, vielseitiges und interessantes T\u00e4tigkeitsfeld mit hoher Eigenverantwortung, Arbeitszeit i.d.R. Montag-Freitag<\/li><li>Eine engagierte und freundliche Arbeitsatmosph\u00e4re<\/li><\/ul><p><strong>Ihre Aufgaben:<\/strong><\/p><ul><li>Sicherung der W\u00e4scheversorgung<\/li><li>Kontrolle der Reinigungskr\u00e4fte und Sicherstellung einer angemessenen Sauberkeit<\/li><li>Erstellung von Dienst- und Urlaubspl\u00e4nen<\/li><li>Durchf\u00fchrung und Dokumentation von eigenen Schulungen der Mitarbeiter<\/li><li>Durchf\u00fchrung von (bzw. Teilnahme an) regelm\u00e4\u00dfigen Besprechungen mit anderen Abteilungen<\/li><li>Erstellen und Ausf\u00fcllen von Hygienechecklisten<\/li><li>Erstellen und st\u00e4ndiges Evaluieren von hausinternen Reinigungs- und Hygienestandards<\/li><li>Mitwirkung bei der Einf\u00fchrung und Aufrechterhaltung eines Qualit\u00e4tsmanagementsystems<\/li><li>Bei abgeschlossener Fortbildung zum Hygienebeauftragten, Bestellung zum Hygienebeauftragten<\/li><\/ul><p><strong>Wenn Sie Freude daran haben, ein Team zu f\u00fchren und f\u00fcr Sauberkeit und Sicherheit in unserem Haus zu sorgen, freuen wir uns auf Ihre Bewerbung per Mail oder Post:<\/strong><\/p><ul><li>jobs@s-el.de<\/li><li>Seniorenheim ELIM Bonn, R\u00f6merstr. 41, 53111 Bonn<\/li><\/ul><p>Wir freuen uns auf Ihre Bewerbung!<\/p>\t\t\t\t\t\t\t\t<\/div>\n\t\t\t\t<\/div>\n\t\t\t\t\t<\/div>\n\t\t\t\t<\/div>\n\t\t<div class=\"elementor-element elementor-element-114ba997 e-flex e-con-boxed e-con e-parent\" data-id=\"114ba997\" data-element_type=\"container\" data-e-type=\"container\">\n\t\t\t\t\t<div class=\"e-con-inner\">\n\t\t\t\t<div class=\"elementor-element elementor-element-74a29d1 elementor-widget elementor-widget-button\" data-id=\"74a29d1\" data-element_type=\"widget\" data-e-type=\"widget\" data-widget_type=\"button.default\">\n\t\t\t\t<div class=\"elementor-widget-container\">\n\t\t\t\t\t\t\t\t\t<div class=\"elementor-button-wrapper\">\n\t\t\t\t\t<a class=\"elementor-button elementor-button-link elementor-size-sm\" href=\"mailto:jobs@s-el.de\">\n\t\t\t\t\t\t<span class=\"elementor-button-content-wrapper\">\n\t\t\t\t\t\t\t\t\t<span class=\"elementor-button-text\">Jetzt bewerben<\/span>\n\t\t\t\t\t<\/span>\n\t\t\t\t\t<\/a>\n\t\t\t\t<\/div>\n\t\t\t\t\t\t\t\t<\/div>\n\t\t\t\t<\/div>\n\t\t\t\t\t<\/div>\n\t\t\t\t<\/div>\n\t\t<div class=\"elementor-element elementor-element-51b8f0ac e-flex e-con-boxed e-con e-parent\" data-id=\"51b8f0ac\" data-element_type=\"container\" data-e-type=\"container\">\n\t\t\t\t\t<div class=\"e-con-inner\">\n\t\t\t\t<div class=\"elementor-element elementor-element-1fdf6cc7 elementor-widget elementor-widget-spacer\" data-id=\"1fdf6cc7\" data-element_type=\"widget\" data-e-type=\"widget\" data-widget_type=\"spacer.default\">\n\t\t\t\t<div class=\"elementor-widget-container\">\n\t\t\t\t\t\t\t<div class=\"elementor-spacer\">\n\t\t\t<div class=\"elementor-spacer-inner\"><\/div>\n\t\t<\/div>\n\t\t\t\t\t\t<\/div>\n\t\t\t\t<\/div>\n\t\t\t\t\t<\/div>\n\t\t\t\t<\/div>\n\t\t\t\t<\/div>\n\t\t","protected":false},"excerpt":{"rendered":"<p>Hauswirtschaftsleitung (m\/w\/d) f\u00fcr den Bereich der Hausreinigung Einen Ort zum Wohlf\u00fchlen bieten wir als Seniorenheim ELIM in Bonn sowohl unseren Heimbewohnern, als auch unseren Mitarbeitern. Wir suchen ab sofort eine Hauswirtschaftsleitung (m\/w\/d) f\u00fcr den Bereich der Hausreinigung in Teilzeit mit 19,5 Std.\/ Woche (50 %; 5,5 Tage-Woche). Sie sorgen gemeinsam mit Ihrem Team daf\u00fcr, dass [&hellip;]<\/p>\n","protected":false},"author":1,"featured_media":0,"parent":0,"menu_order":0,"comment_status":"closed","ping_status":"closed","template":"","meta":{"_uag_custom_page_level_css":"","site-sidebar-layout":"no-sidebar","site-content-layout":"page-builder","ast-site-content-layout":"full-width-container","site-content-style":"default","site-sidebar-style":"default","ast-global-header-display":"","ast-banner-title-visibility":"","ast-main-header-display":"","ast-hfb-above-header-display":"","ast-hfb-below-header-display":"","ast-hfb-mobile-header-display":"","site-post-title":"disabled","ast-breadcrumbs-content":"","ast-featured-img":"disabled","footer-sml-layout":"","ast-disable-related-posts":"","theme-transparent-header-meta":"","adv-header-id-meta":"","stick-header-meta":"","header-above-stick-meta":"","header-main-stick-meta":"","header-below-stick-meta":"","astra-migrate-meta-layouts":"set","ast-page-background-enabled":"default","ast-page-background-meta":{"desktop":{"background-color":"var(--ast-global-color-4)","background-image":"","background-repeat":"repeat","background-position":"center center","background-size":"auto","background-attachment":"scroll","background-type":"","background-media":"","overlay-type":"","overlay-color":"","overlay-opacity":"","overlay-gradient":""},"tablet":{"background-color":"","background-image":"","background-repeat":"repeat","background-position":"center center","background-size":"auto","background-attachment":"scroll","background-type":"","background-media":"","overlay-type":"","overlay-color":"","overlay-opacity":"","overlay-gradient":""},"mobile":{"background-color":"","background-image":"","background-repeat":"repeat","background-position":"center center","background-size":"auto","background-attachment":"scroll","background-type":"","background-media":"","overlay-type":"","overlay-color":"","overlay-opacity":"","overlay-gradient":""}},"ast-content-background-meta":{"desktop":{"background-color":"var(--ast-global-color-5)","background-image":"","background-repeat":"repeat","background-position":"center center","background-size":"auto","background-attachment":"scroll","background-type":"","background-media":"","overlay-type":"","overlay-color":"","overlay-opacity":"","overlay-gradient":""},"tablet":{"background-color":"var(--ast-global-color-5)","background-image":"","background-repeat":"repeat","background-position":"center center","background-size":"auto","background-attachment":"scroll","background-type":"","background-media":"","overlay-type":"","overlay-color":"","overlay-opacity":"","overlay-gradient":""},"mobile":{"background-color":"var(--ast-global-color-5)","background-image":"","background-repeat":"repeat","background-position":"center center","background-size":"auto","background-attachment":"scroll","background-type":"","background-media":"","overlay-type":"","overlay-color":"","overlay-opacity":"","overlay-gradient":""}},"footnotes":""},"class_list":["post-2736","page","type-page","status-publish","hentry"],"uagb_featured_image_src":{"full":false,"thumbnail":false,"medium":false,"medium_large":false,"large":false,"1536x1536":false,"2048x2048":false},"uagb_author_info":{"display_name":"admin","author_link":"https:\/\/s-el.de\/?author=1"},"uagb_comment_info":0,"uagb_excerpt":"Hauswirtschaftsleitung (m\/w\/d) f\u00fcr den Bereich der Hausreinigung Einen Ort zum Wohlf\u00fchlen bieten wir als Seniorenheim ELIM in Bonn sowohl unseren Heimbewohnern, als auch unseren Mitarbeitern. Wir suchen ab sofort eine Hauswirtschaftsleitung (m\/w\/d) f\u00fcr den Bereich der Hausreinigung in Teilzeit mit 19,5 Std.\/ Woche (50 %; 5,5 Tage-Woche). Sie sorgen gemeinsam mit Ihrem Team daf\u00fcr, dass&hellip;","_links":{"self":[{"href":"https:\/\/s-el.de\/index.php?rest_route=\/wp\/v2\/pages\/2736","targetHints":{"allow":["GET"]}}],"collection":[{"href":"https:\/\/s-el.de\/index.php?rest_route=\/wp\/v2\/pages"}],"about":[{"href":"https:\/\/s-el.de\/index.php?rest_route=\/wp\/v2\/types\/page"}],"author":[{"embeddable":true,"href":"https:\/\/s-el.de\/index.php?rest_route=\/wp\/v2\/users\/1"}],"replies":[{"embeddable":true,"href":"https:\/\/s-el.de\/index.php?rest_route=%2Fwp%2Fv2%2Fcomments&post=2736"}],"version-history":[{"count":18,"href":"https:\/\/s-el.de\/index.php?rest_route=\/wp\/v2\/pages\/2736\/revisions"}],"predecessor-version":[{"id":2764,"href":"https:\/\/s-el.de\/index.php?rest_route=\/wp\/v2\/pages\/2736\/revisions\/2764"}],"wp:attachment":[{"href":"https:\/\/s-el.de\/index.php?rest_route=%2Fwp%2Fv2%2Fmedia&parent=2736"}],"curies":[{"name":"wp","href":"https:\/\/api.w.org\/{rel}","templated":true}]}}